{"id":12,"date":"2013-06-27T17:01:00","date_gmt":"2013-06-27T17:01:00","guid":{"rendered":"http:\/\/etc-elsenfeld.de\/?page_id=12"},"modified":"2026-03-17T05:26:00","modified_gmt":"2026-03-17T05:26:00","slug":"vorstand","status":"publish","type":"page","link":"http:\/\/etc-elsenfeld.de\/?page_id=12","title":{"rendered":"Vorstand"},"content":{"rendered":"<ol>\n<li style=\"list-style-type: none;\">1. Vorsitzender: Stefan Zengel, Elsenfeld<\/li>\n<\/ol>\n<p><a href=\"http:\/\/etc-elsenfeld.de\/wp-content\/uploads\/2022\/05\/DSC4335-scaled.jpg\"><img loading=\"lazy\" decoding=\"async\" class=\"alignnone size-medium wp-image-767\" src=\"http:\/\/etc-elsenfeld.de\/wp-content\/uploads\/2022\/05\/DSC4335-300x200.jpg\" alt=\"\" width=\"300\" height=\"200\" srcset=\"http:\/\/etc-elsenfeld.de\/wp-content\/uploads\/2022\/05\/DSC4335-300x200.jpg 300w, http:\/\/etc-elsenfeld.de\/wp-content\/uploads\/2022\/05\/DSC4335-1024x683.jpg 1024w, http:\/\/etc-elsenfeld.de\/wp-content\/uploads\/2022\/05\/DSC4335-768x513.jpg 768w, http:\/\/etc-elsenfeld.de\/wp-content\/uploads\/2022\/05\/DSC4335-1536x1025.jpg 1536w, http:\/\/etc-elsenfeld.de\/wp-content\/uploads\/2022\/05\/DSC4335-2048x1367.jpg 2048w\" sizes=\"auto, (max-width: 300px) 100vw, 300px\" \/><\/a><\/p>\n<hr>\n<p>2. Vorsitzender: Stephan Jacobi, Elsenfeld<\/p>\n<p><a href=\"http:\/\/etc-elsenfeld.de\/wp-content\/uploads\/2022\/05\/DSC4358-scaled.jpg\"><img loading=\"lazy\" decoding=\"async\" class=\"alignnone size-medium wp-image-768\" src=\"http:\/\/etc-elsenfeld.de\/wp-content\/uploads\/2022\/05\/DSC4358-300x200.jpg\" alt=\"\" width=\"300\" height=\"200\" srcset=\"http:\/\/etc-elsenfeld.de\/wp-content\/uploads\/2022\/05\/DSC4358-300x200.jpg 300w, http:\/\/etc-elsenfeld.de\/wp-content\/uploads\/2022\/05\/DSC4358-1024x683.jpg 1024w, http:\/\/etc-elsenfeld.de\/wp-content\/uploads\/2022\/05\/DSC4358-768x513.jpg 768w, http:\/\/etc-elsenfeld.de\/wp-content\/uploads\/2022\/05\/DSC4358-1536x1025.jpg 1536w, http:\/\/etc-elsenfeld.de\/wp-content\/uploads\/2022\/05\/DSC4358-2048x1367.jpg 2048w\" sizes=\"auto, (max-width: 300px) 100vw, 300px\" \/><\/a><\/p>\n<hr>\n<p>3. Vorsitzender: Michael Ambrosch, Gro\u00dfostheim<\/p>\n<p><a href=\"http:\/\/etc-elsenfeld.de\/wp-content\/uploads\/2022\/05\/Michel.jpg\"><img loading=\"lazy\" decoding=\"async\" class=\"alignnone size-medium wp-image-775\" src=\"http:\/\/etc-elsenfeld.de\/wp-content\/uploads\/2022\/05\/Michel-210x300.jpg\" alt=\"\" width=\"210\" height=\"300\" srcset=\"http:\/\/etc-elsenfeld.de\/wp-content\/uploads\/2022\/05\/Michel-210x300.jpg 210w, http:\/\/etc-elsenfeld.de\/wp-content\/uploads\/2022\/05\/Michel-717x1024.jpg 717w, http:\/\/etc-elsenfeld.de\/wp-content\/uploads\/2022\/05\/Michel-768x1096.jpg 768w, http:\/\/etc-elsenfeld.de\/wp-content\/uploads\/2022\/05\/Michel.jpg 1036w\" sizes=\"auto, (max-width: 210px) 100vw, 210px\" \/><\/a><\/p>\n<hr>\n<p>Sportwartin: Helga Wolf-Meyerer, Elsenfeld<\/p>\n<p><img loading=\"lazy\" decoding=\"async\" src=\"http:\/\/etc-elsenfeld.de\/wp-content\/uploads\/2013\/07\/helga.png\" alt=\"helga\" width=\"199\" height=\"285\"><\/p>\n<hr>\n<p>Schriftf\u00fchrer: Thomas Kocea, Elsenfeld<\/p>\n<p><a href=\"http:\/\/etc-elsenfeld.de\/wp-content\/uploads\/2022\/05\/DSC4473-scaled.jpg\"><img loading=\"lazy\" decoding=\"async\" class=\"alignnone size-medium wp-image-769\" src=\"http:\/\/etc-elsenfeld.de\/wp-content\/uploads\/2022\/05\/DSC4473-300x200.jpg\" alt=\"\" width=\"300\" height=\"200\" srcset=\"http:\/\/etc-elsenfeld.de\/wp-content\/uploads\/2022\/05\/DSC4473-300x200.jpg 300w, http:\/\/etc-elsenfeld.de\/wp-content\/uploads\/2022\/05\/DSC4473-1024x683.jpg 1024w, http:\/\/etc-elsenfeld.de\/wp-content\/uploads\/2022\/05\/DSC4473-768x513.jpg 768w, http:\/\/etc-elsenfeld.de\/wp-content\/uploads\/2022\/05\/DSC4473-1536x1025.jpg 1536w, http:\/\/etc-elsenfeld.de\/wp-content\/uploads\/2022\/05\/DSC4473-2048x1367.jpg 2048w\" sizes=\"auto, (max-width: 300px) 100vw, 300px\" \/><\/a><\/p>\n<hr>\n<p>Kassenwart: Marcel St\u00e4ndeke, Elsenfeld<\/p>\n<p>Bild folgt<\/p>\n<hr>\n<p>Jugendwartin: Kristin Jovanovski, Erlenbach<\/p>\n<p><a href=\"http:\/\/etc-elsenfeld.de\/wp-content\/uploads\/2022\/05\/Kristin.jpg\"><img loading=\"lazy\" decoding=\"async\" class=\"alignnone size-medium wp-image-771\" src=\"http:\/\/etc-elsenfeld.de\/wp-content\/uploads\/2022\/05\/Kristin-300x225.jpg\" alt=\"\" width=\"300\" height=\"225\" srcset=\"http:\/\/etc-elsenfeld.de\/wp-content\/uploads\/2022\/05\/Kristin-300x225.jpg 300w, http:\/\/etc-elsenfeld.de\/wp-content\/uploads\/2022\/05\/Kristin-1024x768.jpg 1024w, http:\/\/etc-elsenfeld.de\/wp-content\/uploads\/2022\/05\/Kristin-768x576.jpg 768w, http:\/\/etc-elsenfeld.de\/wp-content\/uploads\/2022\/05\/Kristin-1536x1152.jpg 1536w, http:\/\/etc-elsenfeld.de\/wp-content\/uploads\/2022\/05\/Kristin.jpg 2016w\" sizes=\"auto, (max-width: 300px) 100vw, 300px\" \/><\/a><\/p>\n<p>&nbsp;<\/p>\n<hr>\n<p>Platzwart: Tobias Hamann, Elsenfeld<\/p>\n","protected":false},"excerpt":{"rendered":"<p>1. Vorsitzender: Stefan Zengel, Elsenfeld 2. Vorsitzender: Stephan Jacobi, Elsenfeld 3. Vorsitzender: Michael Ambrosch, Gro\u00dfostheim Sportwartin: Helga Wolf-Meyerer, Elsenfeld Schriftf\u00fchrer: Thomas Kocea, Elsenfeld Kassenwart: Marcel St\u00e4ndeke, Elsenfeld Bild folgt Jugendwartin: Kristin Jovanovski, Erlenbach &nbsp; Platzwart: Tobias Hamann, Elsenfeld<\/p>\n","protected":false},"author":4,"featured_media":0,"parent":0,"menu_order":3,"comment_status":"closed","ping_status":"closed","template":"","meta":{"ngg_post_thumbnail":0,"footnotes":""},"class_list":["post-12","page","type-page","status-publish","hentry"],"_links":{"self":[{"href":"http:\/\/etc-elsenfeld.de\/index.php?rest_route=\/wp\/v2\/pages\/12","targetHints":{"allow":["GET"]}}],"collection":[{"href":"http:\/\/etc-elsenfeld.de\/index.php?rest_route=\/wp\/v2\/pages"}],"about":[{"href":"http:\/\/etc-elsenfeld.de\/index.php?rest_route=\/wp\/v2\/types\/page"}],"author":[{"embeddable":true,"href":"http:\/\/etc-elsenfeld.de\/index.php?rest_route=\/wp\/v2\/users\/4"}],"replies":[{"embeddable":true,"href":"http:\/\/etc-elsenfeld.de\/index.php?rest_route=%2Fwp%2Fv2%2Fcomments&post=12"}],"version-history":[{"count":19,"href":"http:\/\/etc-elsenfeld.de\/index.php?rest_route=\/wp\/v2\/pages\/12\/revisions"}],"predecessor-version":[{"id":1011,"href":"http:\/\/etc-elsenfeld.de\/index.php?rest_route=\/wp\/v2\/pages\/12\/revisions\/1011"}],"wp:attachment":[{"href":"http:\/\/etc-elsenfeld.de\/index.php?rest_route=%2Fwp%2Fv2%2Fmedia&parent=12"}],"curies":[{"name":"wp","href":"https:\/\/api.w.org\/{rel}","templated":true}]}}