{"id":523,"date":"2018-08-03T17:31:42","date_gmt":"2018-08-03T17:31:42","guid":{"rendered":"http:\/\/etc-elsenfeld.de\/?page_id=523"},"modified":"2022-04-25T07:08:10","modified_gmt":"2022-04-25T07:08:10","slug":"willkommen-beim-etc-gruen-weiss-elsenfeld","status":"publish","type":"page","link":"http:\/\/etc-elsenfeld.de\/?page_id=523","title":{"rendered":"Willkommen beim ETC"},"content":{"rendered":"<p>&nbsp;<\/p>\n<p><strong>Herzlich Willkommen <\/strong>beim Tennisverein ETC Gr\u00fcn-Wei\u00df Elsenfeld<\/p>\n<p>Seit der Gr\u00fcndung des Vereins am 20. Juni 1966 wird bei uns der Tennissport in der Gemeinschaft gepflegt und ausge\u00fcbt. Unser Verein eignet sich sowohl f\u00fcr leistungsorientierte Spieler und Spielerinnen als auch f\u00fcr Hobby und Freizeitspieler-\/innen. Nutzt unsere interessanten Angebote f\u00fcr diesen vielseitigen Freizeitsport und entwickelt euer Spiel mit Unterst\u00fctzung qualifizierter Trainer unseres Partners, der <strong>Tennis Academy<\/strong> Christoffel und Jovanovski. <a href=\"http:\/\/www.team-tennisacademy.de\/\">(www.team-tennisacademy.de)<\/a>. Unter der Rubrik \u201e<strong>Verein<\/strong>\u201c findet ihr weitere Informationen zur Mitgliedschaft und den \u201eSchnupperangeboten\u201c.<\/p>\n<p>Heute sind wir einer der gr\u00f6\u00dften Tennisvereine im Landkreis Miltenberg f\u00fcr Jugendliche. Bei uns k\u00f6nnen Erwachsene, Kinder oder die ganze Familie einen angenehmen Tag mit sportlicher Aktivit\u00e4t verbringen.<\/p>\n<p>Es sind auch herzlich Gastspieler willkommen \u2013 gegen eine kleine Geb\u00fchr \u2013 um die Tennisanlage neben einem kleinen Park mit Spielplatz in Elsenfeld kennen zu lernen.<\/p>\n","protected":false},"excerpt":{"rendered":"<p>&nbsp; Herzlich Willkommen beim Tennisverein ETC Gr\u00fcn-Wei\u00df Elsenfeld Seit der Gr\u00fcndung des Vereins am 20. Juni 1966 wird bei uns der Tennissport in der Gemeinschaft gepflegt und ausge\u00fcbt. Unser Verein eignet sich sowohl f\u00fcr leistungsorientierte Spieler und Spielerinnen als auch f\u00fcr Hobby und Freizeitspieler-\/innen. Nutzt unsere interessanten Angebote f\u00fcr diesen vielseitigen Freizeitsport und entwickelt euer &hellip; <a href=\"http:\/\/etc-elsenfeld.de\/?page_id=523\" class=\"more-link\"><span class=\"screen-reader-text\">Willkommen beim ETC<\/span> weiterlesen<\/a><\/p>\n","protected":false},"author":3,"featured_media":0,"parent":0,"menu_order":0,"comment_status":"closed","ping_status":"closed","template":"","meta":{"ngg_post_thumbnail":0,"footnotes":""},"class_list":["post-523","page","type-page","status-publish","hentry"],"_links":{"self":[{"href":"http:\/\/etc-elsenfeld.de\/index.php?rest_route=\/wp\/v2\/pages\/523","targetHints":{"allow":["GET"]}}],"collection":[{"href":"http:\/\/etc-elsenfeld.de\/index.php?rest_route=\/wp\/v2\/pages"}],"about":[{"href":"http:\/\/etc-elsenfeld.de\/index.php?rest_route=\/wp\/v2\/types\/page"}],"author":[{"embeddable":true,"href":"http:\/\/etc-elsenfeld.de\/index.php?rest_route=\/wp\/v2\/users\/3"}],"replies":[{"embeddable":true,"href":"http:\/\/etc-elsenfeld.de\/index.php?rest_route=%2Fwp%2Fv2%2Fcomments&post=523"}],"version-history":[{"count":11,"href":"http:\/\/etc-elsenfeld.de\/index.php?rest_route=\/wp\/v2\/pages\/523\/revisions"}],"predecessor-version":[{"id":758,"href":"http:\/\/etc-elsenfeld.de\/index.php?rest_route=\/wp\/v2\/pages\/523\/revisions\/758"}],"wp:attachment":[{"href":"http:\/\/etc-elsenfeld.de\/index.php?rest_route=%2Fwp%2Fv2%2Fmedia&parent=523"}],"curies":[{"name":"wp","href":"https:\/\/api.w.org\/{rel}","templated":true}]}}