{"id":6,"date":"2013-06-27T16:58:47","date_gmt":"2013-06-27T16:58:47","guid":{"rendered":"http:\/\/etc-elsenfeld.de\/?page_id=6"},"modified":"2026-01-05T10:24:16","modified_gmt":"2026-01-05T10:24:16","slug":"impressum","status":"publish","type":"page","link":"http:\/\/etc-elsenfeld.de\/?page_id=6","title":{"rendered":"Impressum"},"content":{"rendered":"<p>Verantwortlich:<br \/>\nDer Vorstand des<br \/>\nETC Gr\u00fcn-Wei\u00df Elsenfeld.<br \/>\nSchulstra\u00dfe<br \/>\nD-63820 Elsenfeld<\/p>\n<p>Kontakt:<br \/>\nTelefon: 06022-8948<br \/>\nE-Mail: etcelsenfeld@yahoo.de<br \/>\nVereinsregisternummer XXXX<\/p>\n<p>Mitglied im Bayerischen Tennis-Verband e.V.<br \/>\nVereinsnummer 07056<\/p>\n<p>Inhalt des Onlineangebotes:<br \/>\nDie Ver\u00f6ffentlichung von Informationen im Internet wird mit gr\u00f6\u00dftm\u00f6glicher Sorgfalt vorgenommen. Dennoch \u00fcbernimmt der Vorstand des ETC Elsenfeld keine Gew\u00e4hr f\u00fcr die Aktualit\u00e4t, Korrektheit, Vollst\u00e4ndigkeit, Qualit\u00e4t und Verwendbarkeit der bereitgestellten Informationen. Haftungsanspr\u00fcche gegen die Verantwortlichen der Seite, welche sich auf Sch\u00e4den materieller oder ideeller Art beziehen, die durch die Nutzung oder Nichtnutzung der dargebotenen Informationen bzw. durch die Nutzung fehlerhafter und unvollst\u00e4ndiger Informationen verursacht wurden, sind grunds\u00e4tzlich ausgeschlossen, sofern unserer seits kein nachweislich vors\u00e4tzliches oder grob fahrl\u00e4ssiges Verschulden vorliegt. Alle Angebote sind freibleibend und unverbindlich. Der Vorstand des ETC Elsenfeld beh\u00e4lt es sich ausdr\u00fccklich vor, Teile der Seiten oder das gesamte Angebot ohne gesonderte Ank\u00fcndigung zu ver\u00e4ndern, zu erg\u00e4nzen, zu l\u00f6schen oder die Ver\u00f6ffentlichung zeitweise oder endg\u00fcltig einzustellen.<\/p>\n<p>Elektronische Kommunikation per E-Mail:<br \/>\nF\u00fcr die elektronische Kommunikation per E-Mail wurde folgende E-Mail-Adresse eingerichtet:<br \/>\netcelsenfeld@yahoo.de<br \/>\nDar\u00fcber hinaus finden Sie in unserem Internetangebot weitere E-Mail-Adressen f\u00fcr einzelne Personen oder Firmen. Auch an diese Adressen k\u00f6nnen Sie E-Mails senden. Aus Sicherheitsgr\u00fcnden sollten E-Mails nur im Text-Format versendet werden.<\/p>\n<p>Rechtswirksamkeit von Willenserkl\u00e4rungen:<br \/>\nElektronische Kommunikationswege dieser Website, insbesondere per E-Mail, stehen ausschlie\u00dflich f\u00fcr Anfragen, Anregungen und andere nicht rechtsverbindliche Mitteilungen bereit. Sollte Ihre Nachricht eine entsprechende Willenserkl\u00e4rung beinhalten, ist eine Wiederholung der \u00dcbermittlung schriftlich auf dem Postwege erforderlich.<\/p>\n<p>Urheberrecht:<br \/>\nAlle Texte, Bilder und Grafiken und Tondokumente sind urheberrechtlich gesch\u00fctzt und d\u00fcrfen weder reproduziert, noch wiederverwendet oder f\u00fcr gewerbliche Zwecke genutzt werden. Die elektronische, drucktechnische oder anderweitige \u00dcbernahme und Reproduktion der vorgehaltenen Informationen, Texte, Bilder, graphischen Darstellungen etc. durch Dritte ist nur mit schriftlicher Genehmigung des Rechteinhabers gestattet. Das gilt auch f\u00fcr die Aufnahme in elektronischen Datenbanken und die Vervielf\u00e4ltigung auf CD-ROM, DVD etc.<\/p>\n<p>Externe Links:<br \/>\nQuerverweise (externe Links, Hyperlinks) auf s\u00e4mtliche von anderen Anbietern bereitgehaltenen Inhalte liegen au\u00dferhalb der Kontrolle und Einflussnahme. Deshalb distanziert sich der Seitenbetreiber ausdr\u00fccklich von allen Inhalten verkn\u00fcpfter Seiten. F\u00fcr illegale, fehlerhafte oder unvollst\u00e4ndige Inhalte und insbesondere f\u00fcr Sch\u00e4den, die aus der Nutzung oder Nichtnutzung solcher Informationen entstehen, haftet allein der Anbieter der Seite, auf welche verwiesen wird.<\/p>\n<p>Hinweis:<br \/>\nMit Urteil vom 12.05.1998 &#8211; 312 O 85\/98 &#8211; &#8222;Haftung f\u00fcr Links&#8220; hat das Landgericht Hamburg entschieden, dass man durch die Anbringung eines Verweises (Link) auf andere Seiten im Internet die Inhalte dieser Seiten ggf. mit zu verantworten hat. Eine Mitverantwortung kann verhindert werden, indem man sich ausdr\u00fccklich von diesen Inhalten distanziert.<\/p>\n<p>&nbsp;<\/p>\n<p>&nbsp;<\/p>\n<p>&nbsp;<\/p>\n","protected":false},"excerpt":{"rendered":"<p>Verantwortlich: Der Vorstand des ETC Gr\u00fcn-Wei\u00df Elsenfeld. Schulstra\u00dfe D-63820 Elsenfeld Kontakt: Telefon: 06022-8948 E-Mail: etcelsenfeld@yahoo.de Vereinsregisternummer XXXX Mitglied im Bayerischen Tennis-Verband e.V. Vereinsnummer 07056 Inhalt des Onlineangebotes: Die Ver\u00f6ffentlichung von Informationen im Internet wird mit gr\u00f6\u00dftm\u00f6glicher Sorgfalt vorgenommen. Dennoch \u00fcbernimmt der Vorstand des ETC Elsenfeld keine Gew\u00e4hr f\u00fcr die Aktualit\u00e4t, Korrektheit, Vollst\u00e4ndigkeit, Qualit\u00e4t und Verwendbarkeit &hellip; <a href=\"http:\/\/etc-elsenfeld.de\/?page_id=6\" class=\"more-link\"><span class=\"screen-reader-text\">Impressum<\/span> weiterlesen<\/a><\/p>\n","protected":false},"author":4,"featured_media":0,"parent":0,"menu_order":4,"comment_status":"closed","ping_status":"closed","template":"","meta":{"ngg_post_thumbnail":0,"footnotes":""},"class_list":["post-6","page","type-page","status-publish","hentry"],"_links":{"self":[{"href":"http:\/\/etc-elsenfeld.de\/index.php?rest_route=\/wp\/v2\/pages\/6","targetHints":{"allow":["GET"]}}],"collection":[{"href":"http:\/\/etc-elsenfeld.de\/index.php?rest_route=\/wp\/v2\/pages"}],"about":[{"href":"http:\/\/etc-elsenfeld.de\/index.php?rest_route=\/wp\/v2\/types\/page"}],"author":[{"embeddable":true,"href":"http:\/\/etc-elsenfeld.de\/index.php?rest_route=\/wp\/v2\/users\/4"}],"replies":[{"embeddable":true,"href":"http:\/\/etc-elsenfeld.de\/index.php?rest_route=%2Fwp%2Fv2%2Fcomments&post=6"}],"version-history":[{"count":4,"href":"http:\/\/etc-elsenfeld.de\/index.php?rest_route=\/wp\/v2\/pages\/6\/revisions"}],"predecessor-version":[{"id":1003,"href":"http:\/\/etc-elsenfeld.de\/index.php?rest_route=\/wp\/v2\/pages\/6\/revisions\/1003"}],"wp:attachment":[{"href":"http:\/\/etc-elsenfeld.de\/index.php?rest_route=%2Fwp%2Fv2%2Fmedia&parent=6"}],"curies":[{"name":"wp","href":"https:\/\/api.w.org\/{rel}","templated":true}]}}